{"id":720,"date":"2021-03-03T07:06:57","date_gmt":"2021-03-03T07:06:57","guid":{"rendered":"https:\/\/themetechmount.com\/wordpress\/fablio\/?page_id=720"},"modified":"2024-12-09T12:14:01","modified_gmt":"2024-12-09T12:14:01","slug":"kurumsal","status":"publish","type":"page","link":"https:\/\/www.melekoglutekstil.com\/en\/kurumsal\/","title":{"rendered":"Corporate"},"content":{"rendered":"<div class=\"wpb-content-wrapper\"><div data-vc-full-width=\"true\" data-vc-full-width-init=\"false\" class=\"tm-row wpb_row vc_row-fluid vc_custom_1615960421009 tm-responsive-custom-41793898 vc_column-gap-default break-991-colum tm-zindex-0 tm-bgimage-position-center_center\">\n\n\t\t\n\t <div class=\"vc_row container vc_column-gap-default\"> \t\n\t\t\n\n<div class=\"wpb_column tm-column vc_column_container vc_col-sm-5 tm-zindex-0\">\n\t<div class=\"vc_column-inner vc_custom_1615960359684 tm-responsive-custom-58431425\">\n\t\t\t\t<div class=\"wpb_wrapper\">\n\t\t\t\n\t<div  class=\"wpb_single_image wpb_content_element vc_align_left wpb_content_element vc_custom_1731941064849\">\n\t\t\n\t\t<figure class=\"wpb_wrapper vc_figure\">\n\t\t\t<div class=\"vc_single_image-wrapper   vc_box_border_grey\"><img fetchpriority=\"high\" decoding=\"async\" width=\"1600\" height=\"1200\" src=\"https:\/\/www.melekoglutekstil.com\/wp-content\/uploads\/2024\/11\/gorselbina.jpg\" class=\"vc_single_image-img attachment-full\" alt=\"\" title=\"gorselbina\" srcset=\"https:\/\/www.melekoglutekstil.com\/wp-content\/uploads\/2024\/11\/gorselbina.jpg 1600w, https:\/\/www.melekoglutekstil.com\/wp-content\/uploads\/2024\/11\/gorselbina-300x225.jpg 300w, https:\/\/www.melekoglutekstil.com\/wp-content\/uploads\/2024\/11\/gorselbina-1024x768.jpg 1024w, https:\/\/www.melekoglutekstil.com\/wp-content\/uploads\/2024\/11\/gorselbina-768x576.jpg 768w, https:\/\/www.melekoglutekstil.com\/wp-content\/uploads\/2024\/11\/gorselbina-1536x1152.jpg 1536w\" sizes=\"(max-width: 1600px) 100vw, 1600px\" data-id=\"2109\" \/><\/div>\n\t\t<\/figure>\n\t<\/div>\n\t\t<\/div>\n\t<\/div>\n<\/div>\n\n\n\n\n\n<div class=\"wpb_column tm-column vc_column_container vc_col-sm-7 tm-zindex-0\">\n\t<div class=\"vc_column-inner vc_custom_1731933040568 tm-textcolor-white tm-responsive-custom-92914681\">\n\t\t\t\t<div class=\"wpb_wrapper\">\n\t\t\t<div class=\"tm-element-heading-wrapper tm-heading-inner tm-element-align-left tm-seperator-none tm-heading-style-vertical\"><section class=\"tm-vc_cta3-container\"><div class=\"tm-vc_general tm-vc_cta3 tm-cta3-only tm-vc_cta3-style-classic tm-vc_cta3-shape-rounded tm-vc_cta3-align-left tm-vc_cta3-color-transparent tm-vc_cta3-icon-size-md tm-vc_cta3-actions-no tm-cta3-with-desc\"><div class=\"tm-vc_cta3_content-container\"><div class=\"tm-vc_cta3-content\"><header class=\"tm-vc_cta3-content-header tm-wrap\"><div class=\"tm-vc_cta3-headers tm-wrap-cell\"><h4 class=\"tm-custom-heading\" >Who are we?<\/h4>\n<h2 class=\"tm-custom-heading\" >From 2006 <b>Until this time<\/b><\/h2>\n<\/div><div class=\"heading-seperator\"><span><\/span><\/div><\/header><div class=\"tm-cta3-content-wrapper\"><p>2006 Y\u0131l\u0131nda \u0130stanbul\u2019da kurulan Meleko\u011flu Tekstil \u0130thalat firmam\u0131z b\u00fcnyesinde inditex onayl\u0131 Meleko\u011flu Tekstil,\u00d6mer Meleko\u011flu,Asminteks Moda ve Meleko\u011flu Grup firmalar\u0131n\u0131 bar\u0131nd\u0131rmaktad\u0131r. Erkek ve Kad\u0131n dokuma, \u00fcretici olarak hizmet vermektedir. 19 y\u0131l\u0131 a\u015fk\u0131n s\u00fcredir de\u011ferlerimizin temelini olu\u015fturan y\u00fcksek kaliteli \u00fcretim,g\u00fcvenilir hizmet,h\u0131zl\u0131 ve zaman\u0131nda teslimat anlay\u0131\u015f\u0131yla \u00fcretim yapan firmam\u0131z, ayn\u0131 zamanda %100 ihracat yap\u0131s\u0131 ile \u00e7al\u0131\u015fmaktad\u0131r.Ana tedarik\u00e7i olarak \u00fcretim yapt\u0131\u011f\u0131m\u0131z fabrikam\u0131z 7000 m2 kapal\u0131 alan olarak dizayn edilmi\u015ftir. Bu yap\u0131 i\u00e7erisinde kuma\u015f depo,aksesuar depo,modelhane,model dikim band\u0131,showroom,m\u00fc\u015fteri temsilcileri,sat\u0131n alma birimi,kesim,dikim,kalite kontrol,paketleme,kolileme ve lojistik alanlar\u0131m\u0131z bulunmaktad\u0131r. Ek olarak d\u00fcnya markalar\u0131na yapt\u0131\u011f\u0131m\u0131z \u00fcretimler departnerimiz olan alt tedarik\u00e7ilerimiz ile birlikte 8 ilde toplamda 35.000m2 kapal\u0131 alanda hizmet vermekteyiz.<\/p><\/div><\/div><\/div><\/div><\/section><\/div> <!-- .tm-element-heading-wrapper container --> \n<div class=\"tm-row-inner vc_row wpb_row vc_inner vc_row-fluid tm-zindex-0\">\n\t\n<div class=\"wpb_column tm-column-inner vc_column_container vc_col-sm-12 tm-zindex-0\">\n\t<div class=\"vc_column-inner vc_custom_1614665779943\">\n\t\t \n\t\t<div class=\"wpb_wrapper\">\n\t\t\t<div class=\"vc_separator wpb_content_element vc_separator_align_center vc_sep_width_100 vc_sep_pos_align_center vc_separator_no_text vc_sep_color_grey wpb_content_element  wpb_content_element\" ><span class=\"vc_sep_holder vc_sep_holder_l\"><span class=\"vc_sep_line\"><\/span><\/span><span class=\"vc_sep_holder vc_sep_holder_r\"><span class=\"vc_sep_line\"><\/span><\/span>\n<\/div>\n\t<div class=\"wpb_text_column wpb_content_element\" >\n\t\t<div class=\"wpb_wrapper\">\n\t\t\t<p><strong>In our 7,000 m\u00b2 area where we serve as the main supplier<\/strong><\/p>\n\n\t\t<\/div>\n\t<\/div>\n\t\t<\/div>\n\t<\/div>\n<\/div>\n\n<\/div>\n\n\n<div class=\"tm-row-inner vc_row wpb_row vc_inner vc_row-fluid vc_custom_1614665490648 tm-zindex-0\">\n\t\n<div class=\"wpb_column tm-column-inner vc_column_container vc_col-sm-12 tm-zindex-0\">\n\t<div class=\"vc_column-inner\">\n\t\t \n\t\t<div class=\"wpb_wrapper\">\n\t\t\t<ul class=\"tm-list tm-list-style-icon tm-list-icon-color-skincolor tm- tm-icon-skincolor tm-list-textsize- tm-list-icon-library-fontawesome\"><li><i class=\"tm-skincolor fa fa-check\"><\/i>  <span class=\"tm-list-li-content\">5 Modelist 3 Assistant Modelist Specialist<\/span><\/li><li><i class=\"tm-skincolor fa fa-check\"><\/i>  <span class=\"tm-list-li-content\">\n7 Pattern Sewing Specialist<\/span><\/li><li><i class=\"tm-skincolor fa fa-check\"><\/i>  <span class=\"tm-list-li-content\">5 Purchasing Unit <\/span><\/li><li><i class=\"tm-skincolor fa fa-check\"><\/i>  <span class=\"tm-list-li-content\">4 Customer Representative<\/span><\/li><li><i class=\"tm-skincolor fa fa-check\"><\/i>  <span class=\"tm-list-li-content\">8 Contract Team<\/span><\/li><li><i class=\"tm-skincolor fa fa-check\"><\/i>  <span class=\"tm-list-li-content\">3 Principal<\/span><\/li><li><i class=\"tm-skincolor fa fa-check\"><\/i>  <span class=\"tm-list-li-content\">1 General Manager<\/span><\/li><\/ul>\t\t<\/div>\n\t<\/div>\n<\/div>\n\n<\/div>\n\n\t\t<\/div>\n\t<\/div>\n<\/div>\n\n\n\n\t\t\n\t <\/div> <\/div>\n\n\n<div class=\"vc_row-full-width vc_clearfix\"><\/div>\n\n\n\n\n\n\n\n\n<div data-vc-full-width=\"true\" data-vc-full-width-init=\"false\" class=\"tm-row wpb_row vc_row-fluid tm-custome-processbox-new-style tm-custome-processbox-new-style2 tm-responsive-custom-42472034 vc_column-gap-default break-991-colum tm-zindex-0 tm-bgcolor-grey tm-bgimage-position-center_center\">\n\n\t\t\n\t <div class=\"vc_row container vc_column-gap-default\"> \t\n\t\t\n\n<div class=\"wpb_column tm-column vc_column_container vc_col-sm-6 tm-zindex-0\">\n\t<div class=\"vc_column-inner  tm-responsive-custom-21686202\">\n\t\t\t\t<div class=\"wpb_wrapper\">\n\t\t\t<div class=\"tm-vc_icon_element tm-vc_icon_element-outer tm-vc_icon_element-align-left\"><div class=\"tm-vc_icon_element-inner  tm-vc_icon_element-color-white tm-vc_icon_element-size-md tm-vc_icon_element-style- tm-vc_icon_element-background-color-grey\" ><span class=\"tm-vc_icon_element-icon kw_fablio flaticon-water-resistant\" ><\/span><\/div><\/div><h3 style=\"color: #FFFFFF;text-align: left;font-family:Montserrat;font-weight:700;font-style:normal\" class=\"vc_custom_heading vc_do_custom_heading\" >Respect for Nature<\/h3>\n\t<div class=\"wpb_text_column wpb_content_element\" >\n\t\t<div class=\"wpb_wrapper\">\n\t\t\t<p>The energy sources used in our Production Facility are supported by renewable energy. We support the ecosystem in our production area with sensor lighting and water systems throughout our factory, renewed technological devices that save energy, energy-saving air conditioning systems and many other applications. In this way, we aim to leave a more livable world to future generations by reducing our impact on nature. We also contribute to the protection of natural resources by minimizing our carbon footprint to ensure environmental sustainability.<\/p>\n\n\t\t<\/div>\n\t<\/div>\n\t\t<\/div>\n\t<\/div>\n<\/div>\n\n\n\n\n\n<div class=\"wpb_column tm-column vc_column_container vc_col-sm-6 tm-zindex-0\">\n\t<div class=\"vc_column-inner\">\n\t\t\t\t<div class=\"wpb_wrapper\">\n\t\t\t<div class=\"tm-vc_icon_element tm-vc_icon_element-outer tm-vc_icon_element-align-left\"><div class=\"tm-vc_icon_element-inner  tm-vc_icon_element-color-white tm-vc_icon_element-size-md tm-vc_icon_element-style- tm-vc_icon_element-background-color-grey\" ><span class=\"tm-vc_icon_element-icon kw_fablio flaticon-suit\" ><\/span><\/div><\/div><h3 style=\"color: #FFFFFF;text-align: left;font-family:Montserrat;font-weight:700;font-style:normal\" class=\"vc_custom_heading vc_do_custom_heading\" >Our Core Values<\/h3>\n\t<div class=\"wpb_text_column wpb_content_element\" >\n\t\t<div class=\"wpb_wrapper\">\n\t\t\t<p>Respect for nature and society is our most fundamental value.<br \/>\nAwareness of ethical work, quality<br \/>\na business approach based on the principles of production, reliability and sustainability. Our values are the basis of our way of working and our company culture, they define our way of working and ensure the sustainability of our quality.<br \/>\nWE ARE DEEPLY COMMITTED TO OUR VALUES.<\/p>\n\n\t\t<\/div>\n\t<\/div>\n\t\t<\/div>\n\t<\/div>\n<\/div>\n\n\n\n\t\t\n\t <\/div> <\/div>\n\n\n<div class=\"vc_row-full-width vc_clearfix\"><\/div>\n<\/div>","protected":false},"excerpt":{"rendered":"Who are we? Since 2006 Until this time, Meleko\u011flu Textile Import company, which was established in Istanbul in 2006, includes inditex approved Meleko\u011flu Textile, \u00d6mer Meleko\u011flu, Asminteks Fashion and Meleko\u011flu Group companies. Men's and Women's weaving, serves as a manufacturer. For more than 19 years, our company, which has been producing with the understanding of high quality production, reliable service, fast and timely delivery, which forms the basis of our values, is the same ... <a href=\"https:\/\/www.melekoglutekstil.com\/en\/kurumsal\/\" class=\"more-link\">Continue reading <span class=\"screen-reader-text\">Corporate<\/span><\/a>","protected":false},"author":1,"featured_media":0,"parent":0,"menu_order":0,"comment_status":"closed","ping_status":"closed","template":"","meta":{"footnotes":""},"class_list":["post-720","page","type-page","status-publish","hentry"],"aioseo_notices":[],"_links":{"self":[{"href":"https:\/\/www.melekoglutekstil.com\/en\/wp-json\/wp\/v2\/pages\/720","targetHints":{"allow":["GET"]}}],"collection":[{"href":"https:\/\/www.melekoglutekstil.com\/en\/wp-json\/wp\/v2\/pages"}],"about":[{"href":"https:\/\/www.melekoglutekstil.com\/en\/wp-json\/wp\/v2\/types\/page"}],"author":[{"embeddable":true,"href":"https:\/\/www.melekoglutekstil.com\/en\/wp-json\/wp\/v2\/users\/1"}],"replies":[{"embeddable":true,"href":"https:\/\/www.melekoglutekstil.com\/en\/wp-json\/wp\/v2\/comments?post=720"}],"version-history":[{"count":14,"href":"https:\/\/www.melekoglutekstil.com\/en\/wp-json\/wp\/v2\/pages\/720\/revisions"}],"predecessor-version":[{"id":2212,"href":"https:\/\/www.melekoglutekstil.com\/en\/wp-json\/wp\/v2\/pages\/720\/revisions\/2212"}],"wp:attachment":[{"href":"https:\/\/www.melekoglutekstil.com\/en\/wp-json\/wp\/v2\/media?parent=720"}],"curies":[{"name":"wp","href":"https:\/\/api.w.org\/{rel}","templated":true}]}}